{"id":10,"date":"2025-04-09T18:42:54","date_gmt":"2025-04-09T18:42:54","guid":{"rendered":"https:\/\/test.celmaitarestudios.com\/?page_id=10"},"modified":"2025-04-15T05:56:13","modified_gmt":"2025-04-15T05:56:13","slug":"contact","status":"publish","type":"page","link":"https:\/\/utt-horeca.ro\/?page_id=10","title":{"rendered":"Contact"},"content":{"rendered":"<div class=\"wpb-content-wrapper\"><p>[vc_row full_width=&#8221;stretch_row&#8221; css=&#8221;.vc_custom_1744364003220{background-color: #000000 !important;}&#8221;][vc_column][vc_empty_space][vc_row_inner gap=&#8221;35&#8243;][vc_column_inner width=&#8221;1\/2&#8243;][vc_column_text css=&#8221;&#8221; basel_color_scheme=&#8221;light&#8221;]<\/p>\n<h1><span style=\"color: #b68c4e;\">SUNTEM LA UN MESAJ DISTAN\u021a\u0102<\/span><\/h1>\n<h4>Dac\u0103 te putem ajuta, dore\u0219ti o comand\u0103 special\u0103, ai probleme cu un colet, dac\u0103 dore\u0219ti s\u0103 faci un retur sau ai orice alt\u0103 problem\u0103, \u00ee\u021bi st\u0103m la dispozi\u021bie cu drag.<\/h4>\n<p>[\/vc_column_text][vc_empty_space][vc_separator color=&#8221;custom&#8221; css=&#8221;&#8221; accent_color=&#8221;#B68C4E&#8221;][vc_column_text css=&#8221;.vc_custom_1744363926311{margin-left: 20px !important;}&#8221;]<\/p>\n<div class=\"text-albastru-jos\"><span style=\"color: #b68c4e;\"><strong>Calea Aradului nr. 48, Timi\u0219oara, 300642, Rom\u00e2nia<\/strong><\/span><\/div>\n<div class=\"clear\"><\/div>\n<div class=\"text\"><span style=\"color: #b68c4e;\"><span class=\"text-albastru-jos\"><strong>Tel.:<\/strong><\/span>\u00a0+40-256 220 565<\/span><br \/>\n<span style=\"color: #b68c4e;\"><span class=\"text-albastru-jos\"><strong>Fax:<\/strong><\/span>\u00a0+40-256 220 307<\/span><br \/>\n<span style=\"color: #b68c4e;\"><span class=\"text-albastru-jos\"><strong>Email:<\/strong><\/span>\u00a0marketing@utt-sa.ro<\/span><\/div>\n<p>[\/vc_column_text][\/vc_column_inner][vc_column_inner width=&#8221;1\/2&#8243;][vc_gmaps link=&#8221;#E-8_JTNDaWZyYW1lJTIwc3JjJTNEJTIyaHR0cHMlM0ElMkYlMkZ3d3cuZ29vZ2xlLmNvbSUyRm1hcHMlMkZlbWJlZCUzRnBiJTNEJTIxMW0xNCUyMTFtOCUyMTFtMyUyMTFkMTExMzAuNjYzODQ1NDEyNDA4JTIxMmQyMS4yMjA3ODI0JTIxM2Q0NS43Nzc4ODQzJTIxM20yJTIxMWkxMDI0JTIxMmk3NjglMjE0ZjEzLjElMjEzbTMlMjExbTIlMjExczB4MCUyNTNBMHgzNmYwMjZiZTAxMzM3YjNjJTIxMnNVLlQuVC4lMjUyMFMuQS4lMjE1ZTAlMjEzbTIlMjExc2VuJTIxMnNybyUyMTR2MTU4NTE2NzU3MjQzMCUyMTVtMiUyMTFzZW4lMjEyc3JvJTIyJTIwd2lkdGglM0QlMjI2MDAlMjIlMjBoZWlnaHQlM0QlMjI0NTAlMjIlMjBmcmFtZWJvcmRlciUzRCUyMjAlMjIlMjBzdHlsZSUzRCUyMmJvcmRlciUzQTAlM0IlMjIlMjBhbGxvd2Z1bGxzY3JlZW4lM0QlMjIlMjIlMjBhcmlhLWhpZGRlbiUzRCUyMmZhbHNlJTIyJTIwdGFiaW5kZXglM0QlMjIwJTIyJTNFJTNDJTJGaWZyYW1lJTNF&#8221;][\/vc_column_inner][\/vc_row_inner][\/vc_column][\/vc_row][vc_row][vc_column][vc_empty_space][\/vc_column][\/vc_row][vc_row][vc_column width=&#8221;1\/2&#8243;][vc_single_image image=&#8221;202&#8243; img_size=&#8221;full&#8221; css=&#8221;&#8221;][\/vc_column][vc_column width=&#8221;1\/2&#8243;]\n<div class=\"wpcf7 no-js\" id=\"wpcf7-f6-o1\" lang=\"ro-RO\" dir=\"ltr\" data-wpcf7-id=\"6\">\n<div class=\"screen-reader-response\"><p role=\"status\" aria-live=\"polite\" aria-atomic=\"true\"><\/p> <ul><\/ul><\/div>\n<form action=\"\/index.php?rest_route=%2Fwp%2Fv2%2Fpages%2F10#wpcf7-f6-o1\" method=\"post\" class=\"wpcf7-form init\" aria-label=\"Formular de contact\" novalidate=\"novalidate\" data-status=\"init\">\n<div style=\"display: none;\">\n<input type=\"hidden\" name=\"_wpcf7\" value=\"6\" \/>\n<input type=\"hidden\" name=\"_wpcf7_version\" value=\"6.0.6\" \/>\n<input type=\"hidden\" name=\"_wpcf7_locale\" value=\"ro_RO\" \/>\n<input type=\"hidden\" name=\"_wpcf7_unit_tag\" value=\"wpcf7-f6-o1\" \/>\n<input type=\"hidden\" name=\"_wpcf7_container_post\" value=\"0\" \/>\n<input type=\"hidden\" name=\"_wpcf7_posted_data_hash\" value=\"\" \/>\n<\/div>\n<p><label> Nume<br \/>\n<span class=\"wpcf7-form-control-wrap\" data-name=\"your-name\"><input size=\"40\" maxlength=\"400\" class=\"wpcf7-form-control wpcf7-text wpcf7-validates-as-required\" autocomplete=\"name\" aria-required=\"true\" aria-invalid=\"false\" value=\"\" type=\"text\" name=\"your-name\" \/><\/span> <\/label>\n<\/p>\n<p><label> Email<br \/>\n<span class=\"wpcf7-form-control-wrap\" data-name=\"your-email\"><input size=\"40\" maxlength=\"400\" class=\"wpcf7-form-control wpcf7-email wpcf7-validates-as-required wpcf7-text wpcf7-validates-as-email\" autocomplete=\"email\" aria-required=\"true\" aria-invalid=\"false\" value=\"\" type=\"email\" name=\"your-email\" \/><\/span> <\/label>\n<\/p>\n<p><label> Subiect<br \/>\n<span class=\"wpcf7-form-control-wrap\" data-name=\"your-subject\"><input size=\"40\" maxlength=\"400\" class=\"wpcf7-form-control wpcf7-text wpcf7-validates-as-required\" aria-required=\"true\" aria-invalid=\"false\" value=\"\" type=\"text\" name=\"your-subject\" \/><\/span> <\/label>\n<\/p>\n<p><label> Mesaj<br \/>\n<span class=\"wpcf7-form-control-wrap\" data-name=\"your-message\"><textarea cols=\"40\" rows=\"10\" maxlength=\"2000\" class=\"wpcf7-form-control wpcf7-textarea\" aria-invalid=\"false\" name=\"your-message\"><\/textarea><\/span> <\/label>\n<\/p>\n<p><input class=\"wpcf7-form-control wpcf7-submit has-spinner\" type=\"submit\" value=\"Trimite\" \/>\n<\/p><div class=\"wpcf7-response-output\" aria-hidden=\"true\"><\/div>\n<\/form>\n<\/div>\n[\/vc_column][\/vc_row]<\/p>\n<\/div>","protected":false},"excerpt":{"rendered":"<p>[vc_row full_width=&#8221;stretch_row&#8221; css=&#8221;.vc_custom_1744364003220{background-color: #000000 !important;}&#8221;][vc_column][vc_empty_space][vc_row_inner gap=&#8221;35&#8243;][vc_column_inner width=&#8221;1\/2&#8243;][vc_column_text css=&#8221;&#8221; basel_color_scheme=&#8221;light&#8221;] SUNTEM LA UN MESAJ DISTAN\u021a\u0102 Dac\u0103 te putem ajuta, dore\u0219ti o<\/p>\n","protected":false},"author":1,"featured_media":0,"parent":0,"menu_order":0,"comment_status":"closed","ping_status":"closed","template":"","meta":{"footnotes":""},"class_list":["post-10","page","type-page","status-publish","hentry"],"jetpack_sharing_enabled":true,"_links":{"self":[{"href":"https:\/\/utt-horeca.ro\/index.php?rest_route=\/wp\/v2\/pages\/10","targetHints":{"allow":["GET"]}}],"collection":[{"href":"https:\/\/utt-horeca.ro\/index.php?rest_route=\/wp\/v2\/pages"}],"about":[{"href":"https:\/\/utt-horeca.ro\/index.php?rest_route=\/wp\/v2\/types\/page"}],"author":[{"embeddable":true,"href":"https:\/\/utt-horeca.ro\/index.php?rest_route=\/wp\/v2\/users\/1"}],"replies":[{"embeddable":true,"href":"https:\/\/utt-horeca.ro\/index.php?rest_route=%2Fwp%2Fv2%2Fcomments&post=10"}],"version-history":[{"count":11,"href":"https:\/\/utt-horeca.ro\/index.php?rest_route=\/wp\/v2\/pages\/10\/revisions"}],"predecessor-version":[{"id":203,"href":"https:\/\/utt-horeca.ro\/index.php?rest_route=\/wp\/v2\/pages\/10\/revisions\/203"}],"wp:attachment":[{"href":"https:\/\/utt-horeca.ro\/index.php?rest_route=%2Fwp%2Fv2%2Fmedia&parent=10"}],"curies":[{"name":"wp","href":"https:\/\/api.w.org\/{rel}","templated":true}]}}