{"id":205,"date":"2025-04-15T06:02:32","date_gmt":"2025-04-15T06:02:32","guid":{"rendered":"https:\/\/utt-horeca.ro\/?page_id=205"},"modified":"2025-04-15T06:02:33","modified_gmt":"2025-04-15T06:02:33","slug":"cookies","status":"publish","type":"page","link":"https:\/\/utt-horeca.ro\/?page_id=205","title":{"rendered":"Cookies"},"content":{"rendered":"<h2 class=\"wp-block-heading\">Politica privind utilizarea cookies si a altor tehnologii de profilare automat\u0103<\/h2><p>UTT colecteaz\u0103 date de identificare nepersonale din dou\u0103 motive:<\/p><p>\u2022 Pentru prelucrarea comenzilor tale<\/p><p>\u2022 Pentru a-ti furniza cele mai bune servicii personalizate<\/p><p>Folosim cookie-uri proprii c\u00e2t \u0219i plasate de ter\u021bi pentru a \u00eembun\u0103t\u0103\u021bi experien\u021ba de navigare a tuturor vizitatorilor precum \u0219i pentru a m\u0103sura eficien\u021ba website-ului. Site-ul nostru utilizeaz\u0103 cookie-uri proprii, precum \u0219i cookie-uri plasate de ter\u021bi. Acestea ne ofer\u0103 un feedback valoros asupra modului \u00een care site-ul este utilizat de c\u0103tre vizitatori, ne permit includerea de con\u021binut de pe alte site-uri \u0219i ne permit s\u0103 monitoriz\u0103m \u0219i s\u0103 \u00eembun\u0103t\u0103\u021bim eficien\u021ba website-ului precum \u0219i a campaniilor de publicitate online. Utilizarea modulelor cookie pe acest site nu este strict necesar\u0103, \u00eens\u0103 o parte din func\u021bii sau din con\u021binut nu vor fi disponibile dac\u0103 nu permite\u021bi utilizarea cookie-urilor.<\/p><p><strong>1. CE SUNT MODULELE COOKIE?<\/strong><\/p><p>Un modul cookie reprezint\u0103 un fi\u0219ier text de mici dimensiuni trimis de un server unui navigator web (browser) \u0219i apoi trimis \u00eenapoi (nemodificat) de c\u0103tre navigator, de fiecare dat\u0103 c\u00e2nd acceseaz\u0103 acel server. Acest fi\u015fier permite re\u0163inerea set\u0103rilor \u015fi a preferin\u0163elor tale c\u00e2nd ne vizitezi din nou site-ul, pentru a-\u0163i oferi o mai bun\u0103 experien\u0163\u0103 online. Ai posibilitatea de a permite cookie-uri sau nu, dar dac\u0103 nu vrei s\u0103 permi\u0163i lansarea de cookieuri, va trebui s\u0103 faci set\u0103rile adecvate din browserul t\u0103u. Cookie-urile nu pot fi folosite pentru a rula programe sau a transmite viru\u015fi informatici \u00een dispozitivul tau. Cookie-urile pot fi citite numai de un server al site-ului (www.safefleet.ro) care a salvat cookie-uri \u00een dispozitivul t\u0103u. Un cookie este format din 2 p\u0103r\u021bi: nume \u0219i con\u021binut (valoare). Durata de existen\u021b\u0103 a unui cookie este determinat\u0103. Din punct de vedere tehnic, doar serverul web care a trimis cookie-ul \u00eel poate accesa din nou \u00een momentul \u00een care un utilizator reviziteaz\u0103 website-ul respectiv. Cookie-urile nu solicit\u0103 informa\u021bii cu caracter personal pentru a putea fi utilizate si, \u00een cele mai multe cazuri, nu identifica personal utilizatorii de internet. Pe site-ul nostru folosim module cookie cu scopul de a monitoriza \u0219i \u00eembun\u0103t\u0103\u021bi eficien\u021ba website-ului precum \u0219i a campaniilor de publicitate online. Prin utilizarea cookie-urilor, vei beneficia de o mai buna experien\u0163\u0103 de vizitare a site-ului. \u00cen plus, pentru anumite activit\u0103\u0163i de baz\u0103 este nevoie de cookie-uri. De exemplu, folosim cookie-uri pentru:<\/p><p>\u2022 chat \u00een timp real;<\/p><p>\u2022 analiza vizitatorilor, \u00een vederea \u00eembun\u0103t\u0103\u0163irii experien\u0163ei online. Folosind software-ul Google Analytics, colect\u0103m date anonime despre vizitele pe site-ul nostru, cum ar fi paginile vizualizate;<\/p><p>\u2022 pentru \u00eenregistrare. Atunci c\u00e2nd te \u00eenregistrezi pe acest site, gener\u0103m un cookie care ne anun\u0163\u0103 dac\u0103 e\u015fti \u00eenregistrat sau nu,<\/p><p>\u2022 pentru a p\u0103stra preferin\u0163ele tale \u015fi pentru a \u00ee\u0163i oferi con\u0163inut \u015fi publicitate. Prin aceste cookie-uri sunt re\u0163inute preferin\u0163ele fiec\u0103rui utilizator pe site, astfel \u00eenc\u00e2t nu mai este necesar\u0103 setarea lor la fiecare vizitare a site-ului;<\/p><p>\u2022 pentru publicitate. Aceste cookie-uri ne permit s\u0103 afl\u0103m dac\u0103 ai vizualizat sau nu o reclam\u0103 online, care este tipul acesteia \u015fi c\u00e2t timp a trecut de c\u00e2nd ai v\u0103zut mesajul publicitar;<\/p><p>\u2022 software-urile folosite permit \u00eenregistrarea \u00een mod agregat a comportamentului \u00een ceea ce prive\u015fte utilizarea site-ului nostru. Informa\u0163iile dob\u00e2ndite prin intermediul cookie-urilor sunt anonime \u015fi nu vor fi legate de datele cu caracter personal. SafeFleet nu trimite aceste informa\u0163ii c\u0103tre nicio parte ter\u0163\u0103 pentru uzul ei independent.<\/p><p><strong>Site-ul nostru foloseste 2 categorii de module cookie:<\/strong><\/p><p>\u2022 Cookie-uri de Sesiune<\/p><p>\u2022 Cookie-uri Persistente, at\u00e2t proprii c\u00e2t \u0219i plasate de ter\u021bi.<\/p><p><strong>Cookie-uri de Sesiune<\/strong><\/p><p>Sunt stocate temporar p\u00e2n\u0103 c\u00e2nd utilizatorul p\u0103r\u0103se\u0219te website-ul sau \u00eenchide fereastra browserului sau p\u00e2n\u0103 c\u00e2nd sunt \u0219terse de c\u0103tre serverul web. Folosim aceast\u0103 categorie de module cookie pentru a salva \u0219i afi\u0219a utilizatorului datele completate de el \u00een cadrul formularelor din site, \u00een cazul \u00een care au survenit erori la transmiterea acestora. \u00cen momentul \u00een care formularul s-a transmis cu succes, aceste module cookie de sesiune sunt \u0219terse automat.<\/p><p><strong>Cookie-uri Persistente<\/strong><\/p><p>Sunt stocate pe harddisk-ul utilizatorului pentru o durat\u0103 de existen\u021b\u0103 prestabilit\u0103. Acestea includ \u0219i modulele cookie plasate de un alt website dec\u00e2t al nostru, cunoscute sub numele de \u2018third party cookies\u2019 (cookie-uri plasate de ter\u021bi). Folosim cookie-uri persistente proprii pentru a salva preferin\u021bele de navigare ale vizitatorului pe acest website. Acestea au o durata de existen\u021b\u0103 de 30 de zile.<\/p><p><strong>Cookie-uri plasate de ter\u021bi<\/strong><\/p><p>Aceste cookie-uri pot proveni de la urm\u0103torii ter\u021bi: Google, Youtube \u0219i Facebook. Prin acceptul dumneavoastr\u0103, cookie-urile vor fi utilizate pentru urm\u0103toarele scopuri:<\/p><p>\u2022 Analiza vizitatorilor. De fiecare dat\u0103 c\u00e2nd un utilizator acceseaz\u0103 acest site, aplica\u021bia de Analytics genereaz\u0103 un cookie. Acest cookie ne spune dac\u0103 a\u021bi mai vizitat acest site p\u00e2n\u0103 acum \u0219i permite monitorizarea utilizatorilor unici care ne viziteaz\u0103 \u0219i c\u00e2t de des o fac. Ca \u0219i aplica\u021bie de Analytics folosim solu\u021bia Google Analytics cu extensia \u201eanonymizeIp()\u201c, ce anonimizeaz\u0103 toate adresele IP ale vizitatorilor. Mai multe detalii: https:\/\/support.google.com\/analytics\/answer\/2763052?hl=en. Nu colect\u0103m \u0219i nu proces\u0103m nicio informa\u021bie pe baza c\u0103reia utilizatorul ar putea fi identificat. Pute\u021bi refuza utilizarea de module cookie de c\u0103tre Google Analytics prin desc\u0103rcarea \u0219i instalarea modulului Google Analytics Opt-out Browser Add-on. Mai multe detalii: https:\/\/www.google.com\/analytics\/<\/p><p>\u2022 Desf\u0103\u0219urarea \u0219i analiza campaniilor de publicitate online. UTT desf\u0103\u0219oar\u0103 campanii de publicitate online prin intermediul platformelor oferite de Google \u0219i Facebook. Aceste platforme stocheaz\u0103 cookie-uri ce permit m\u0103surarea eficien\u021bei campaniilor noastre de publicitate online \u0219i pentru a afi\u0219a pe alte site-uri reclame adaptate la presupusele interese ale vizitatorilor.<\/p><p>\u2022 Includerea de con\u021binut multimedia. Unele pagini ale site-ului au incluse clipuri video de pe platforma Youtube sau alte platforme video. \u00cen cazul \u00een care cookie-urile sunt blocate pe acest site, respectivul con\u021binut nu va fi afi\u0219at. Cookie-uri plasate de serviciile Google folosite:<\/p><p>\u2022 Google Conversion Tracking este un serviciu de analiz\u0103 al Google destinat m\u0103sur\u0103rii eficien\u021bei campaniilor noastre de publicitate online efectuate prin Google AdWords. \u00cen acest context, Google seteaz\u0103 un modul cookie pe computerul\/echipamentul mobil al vizitatorului atunci c\u00e2nd acesta acceseaz\u0103 un anun\u021b Google \u0219i ajunge \u00een website-ul nostru. Aceste module cookie nu sunt coroborate cu identificarea personal\u0103. Cu ajutorul Google Conversion Tracking, putem identifica faptul c\u0103 cineva a f\u0103cut clic pe anun\u021bul nostru publicitar \u0219i a fost astfel redirec\u021bionat c\u0103tre pagina noastr\u0103. Datele colectate cu Google Conversion Tracking servesc exclusiv la \u00eentocmirea de statistici privind eficien\u021ba \u0219i \u00eembun\u0103t\u0103\u021birea campaniilor noastre de publicitate online prin Google AdWords. Nu colect\u0103m \u0219i nu proces\u0103m nicio informa\u021bie pe baza c\u0103reia utilizatorul ar putea fi identificat.<\/p><p>\u2022 Google Remarketing. Prin aceste tehnologii, utilizatorii care au vizitat deja paginile noastre web pot fi aborda\u021bi din nou prin publicitate orientat\u0103 pe celelalte pagini ale re\u021belei de parteneri ai Google. Dac\u0103 nu dori\u021bi s\u0103 primi\u021bi publicitate pe baz\u0103 de interese, acest lucru se poate dezactiva acces\u00e2nd aceast\u0103 pagin\u0103: https:\/\/adssettings.google.com Informa\u021bii suplimentare \u0219i informa\u021bii privind dezactivarea serviciilor publicitare Google, disponibile aici: https:\/\/www.google.com\/policies\/technologies\/ads\/<\/p><p><strong>Cookie-uri plasate de serviciile Facebook folosite:<\/strong><\/p><p>\u2022 Prin intermediul Facebook Conversion Pixels putem identifica faptul c\u0103 un utilizator a accesat website-ul nostru prin intermediul unui anun\u021b publicitar din Facebook. Datele colectate cu Facebook Conversion Pixel servesc exclusiv la eficien\u021ba \u0219i \u00eembun\u0103t\u0103\u021birea campaniilor noastre de publicitate online pe Facebook. Nu colect\u0103m \u0219i nu proces\u0103m nicio informa\u021bie pe baza c\u0103reia utilizatorul ar putea fi identificat.<\/p><p>\u2022 Prin tehnologia Facebook Remarketing utilizatorii care au vizitat paginile noastre web pot fi aborda\u021bi din nou prin publicitate orientat\u0103 pe Facebook. Nu colect\u0103m \u0219i nu proces\u0103m nicio informa\u021bie despre utilizatorii Facebook c\u0103rora li se adreseaz\u0103 publicitatea orientat\u0103 \u0219i nu avem posibilitatea de a identifica utilizatori individuali. Mai multe informa\u021bii privind scopurile \u0219i volumul de colectare \u0219i prelucrare a datelor cu caracter personal de c\u0103tre Facebook: https:\/\/www.facebook.com\/about\/privacy Politica Facebook de utilizare cookies: https:\/\/www.facebook.com\/policies\/cookies\/<\/p><p><strong>2. CUM BLOCHEZI COOKIE-URILE?<\/strong><\/p><p>Dac\u0103 vrei s\u0103 blochezi cookie-urile, unele func\u0163ionalit\u0103\u0163i ale site ului vor fi oprite, iar acest lucru poate genera anumite disfunc\u0163ionalit\u0103\u0163i sau erori \u00een folosirea site-ului nostru. Dac\u0103 accep\u0163i aceste limit\u0103ri \u015fi e\u015fti decis s\u0103 blochezi cookie-urile, urmeaz\u0103 instruc\u0163iunile de mai jos. Cum poti permite sau bloca cookie-urile? Cele mai multe browsere sunt setate implicit s\u0103 accepte cookie-uri, dar ai posibilitatea s\u0103 modifici set\u0103rile pentru a bloca unele sau toate cookie-urile, dac\u0103 preferi. Dac\u0103 nu \u00ee\u0163i place cum acest lucru afecteaz\u0103 experien\u021ba ta online, e la fel de u\u015for s\u0103 accep\u0163i din nou cookie-urile. Alege browser-ul t\u0103u din lista de mai jos pentru a afi\u015fa instruc\u0163iunile pe care trebuie s\u0103 le parcurgi dup\u0103 deschiderea browser-ului:<\/p><p><strong>&nbsp;Microsoft Internet Explorer<\/strong>&nbsp;1. f\u0103 click pe pictograma Set\u0103ri (dreapta sus) 2. f\u0103 click pe Op\u0163iuni Internet 3. click pe Confiden\u0163ialitate \u015fi apoi alege op\u0163iunile 4. click pe Aplicare \u015fi apoi pe OK pentru salvarea preferin\u0163elor<\/p><p><strong>Google Chrome<\/strong>&nbsp;f\u0103 click pe pictograma cheie \u015fi selecteaz\u0103 Op\u0163iuni din list\u0103 2. click pe tabul \u201dSetari avansate\u201d 3. f\u0103 click pe Set\u0103ri privind con\u021binutul din sec\u021biunea Confiden\u021bialitate 4. alege set\u0103rile pe care le dore\u015fti 5. click pe X pentru a \u00eenchide \u2022<\/p><p><strong>Mozilla Firefox<\/strong>&nbsp;1. selecteaz\u0103 Instrumente din bara principala, apoi Op\u0163iuni 2. click pe tabulConfiden\u0163ialitate 3. alege set\u0103rile pe care le dore\u015fti 4. click pe OK pentru a \u00eenchide \u2022<\/p><p><strong>Safari<\/strong>&nbsp;1. alege Preferin\u0163e 2. f\u0103 click pe panoul de confidentialitate 3. alege set\u0103rile pe care le dore\u015fti 4. click pe X pentru a \u00eenchide<\/p><p>Dezactivarea modulelor cookie pe acest website ar putea duce la limit\u0103ri ale func\u021biilor \u0219i a con\u021binutului disponibil.<\/p>","protected":false},"excerpt":{"rendered":"<p>Politica privind utilizarea cookies si a altor tehnologii de profilare automat\u0103 UTT colecteaz\u0103 date de identificare nepersonale din dou\u0103 motive:<\/p>\n","protected":false},"author":1,"featured_media":0,"parent":0,"menu_order":0,"comment_status":"closed","ping_status":"closed","template":"","meta":{"footnotes":""},"class_list":["post-205","page","type-page","status-publish","hentry"],"jetpack_sharing_enabled":true,"_links":{"self":[{"href":"https:\/\/utt-horeca.ro\/index.php?rest_route=\/wp\/v2\/pages\/205","targetHints":{"allow":["GET"]}}],"collection":[{"href":"https:\/\/utt-horeca.ro\/index.php?rest_route=\/wp\/v2\/pages"}],"about":[{"href":"https:\/\/utt-horeca.ro\/index.php?rest_route=\/wp\/v2\/types\/page"}],"author":[{"embeddable":true,"href":"https:\/\/utt-horeca.ro\/index.php?rest_route=\/wp\/v2\/users\/1"}],"replies":[{"embeddable":true,"href":"https:\/\/utt-horeca.ro\/index.php?rest_route=%2Fwp%2Fv2%2Fcomments&post=205"}],"version-history":[{"count":1,"href":"https:\/\/utt-horeca.ro\/index.php?rest_route=\/wp\/v2\/pages\/205\/revisions"}],"predecessor-version":[{"id":206,"href":"https:\/\/utt-horeca.ro\/index.php?rest_route=\/wp\/v2\/pages\/205\/revisions\/206"}],"wp:attachment":[{"href":"https:\/\/utt-horeca.ro\/index.php?rest_route=%2Fwp%2Fv2%2Fmedia&parent=205"}],"curies":[{"name":"wp","href":"https:\/\/api.w.org\/{rel}","templated":true}]}}